{"id":2,"date":"2025-07-25T20:25:36","date_gmt":"2025-07-25T19:25:36","guid":{"rendered":"https:\/\/starvys.sk\/?page_id=2"},"modified":"2025-07-28T18:21:29","modified_gmt":"2025-07-28T17:21:29","slug":"sutaz","status":"publish","type":"page","link":"https:\/\/starvys.sk\/hu\/sutaz\/","title":{"rendered":"S\u00fa\u0165a\u017e"},"content":{"rendered":"<p>[vc_row full_width=&#8221;stretch_row&#8221;][vc_column][g5element_space spacing=&#8221;50&#8243; spacing_lg=&#8221;20&#8243; spacing_md=&#8221;20&#8243; spacing_sm=&#8221;20&#8243; spacing_xs=&#8221;20&#8243;][vc_single_image image=&#8221;4070&#8243; img_size=&#8221;full&#8221; alignment=&#8221;center&#8221;][g5element_space spacing=&#8221;30&#8243; spacing_lg=&#8221;15&#8243; spacing_md=&#8221;15&#8243; spacing_sm=&#8221;15&#8243; spacing_xs=&#8221;15&#8243;][vc_separator color=&#8221;custom&#8221; el_width=&#8221;50&#8243; accent_color=&#8221;#ccc7c1&#8243;][g5element_space spacing=&#8221;30&#8243; spacing_lg=&#8221;15&#8243; spacing_md=&#8221;15&#8243; spacing_sm=&#8221;15&#8243; spacing_xs=&#8221;15&#8243;][vc_column_text]<\/p>\r\n<h4 class=\"wp-block-heading has-text-align-center\" style=\"text-align: center;\">\u0160tat\u00fat spotrebite\u013eskej propaga\u010dnej s\u00fa\u0165a\u017ee \u201eV\u00ddHERN\u00dd CHLEB\u00cdK\u201c<br \/>v znen\u00ed platnom od 01.08.2025 (\u010falej len \u201e\u0160tat\u00fat\u201c)<\/h4>\r\n<p>\u00a0<\/p><p class=\"has-text-align-center\" style=\"text-align: center;\">\u00a0<strong>I.<br \/>Vyhlasovatelia a organiz\u00e1tori s\u00fa\u0165a\u017ee<\/strong><\/p>\r\n<p>\u00a0Vyhlasovate\u013eom a organiz\u00e1torom s\u00fa\u0165a\u017ee \u201eV\u00ddHERN\u00dd CHLEB\u00cdK\u201c je spolo\u010dnos\u0165 STARVYS s.r.o. Daxnerova 194\/13, 986 01 Fi\u013eakovo, I\u010cO: 36017795, zap\u00edsan\u00e1 v Obchodnom registri Okresn\u00e9ho s\u00fadu Bansk\u00e1 Bystrica, Oddiel Sro, vlo\u017eka \u010d. 4155\/S<\/p>\r\n<ol class=\"wp-block-list\">\r\n<li style=\"list-style-type: none;\">\r\n<ol class=\"wp-block-list\"><li class=\"sutazStatutItem\">Predmetom tohto \u0160tat\u00fatu je stanovenie pravidiel s\u00fa\u0165a\u017ee \u201eV\u00ddHERN\u00dd CHLEB\u00cdK\u201c (\u010falej v texte len \u201eS\u00fa\u0165a\u017e\u201c) prebiehaj\u00facej v\u00a0pek\u00e1rni STARVYS s.r.o. a zverejnenej na webovej str\u00e1nke www.starvys.sk. \u00da\u010dastn\u00edci \u201eS\u00fa\u0165a\u017ee\u201c sa m\u00f4\u017eu obozn\u00e1mi\u0165 s pravidlami \u201eS\u00fa\u0165a\u017ee\u201c a t\u00fdmto \u0160tat\u00fatom v \u010dase jej trvania na webovej str\u00e1nke www.starvys.sk.<\/li><li class=\"sutazStatutItem\">Cie\u013eom \u201eS\u00fa\u0165a\u017ee\u201c je zv\u00fd\u0161enie n\u00e1kupu pek\u00e1rensk\u00fdch v\u00fdrobkov fy STARVYS s.r.o.<\/li><li class=\"sutazStatutItem\">\u201eS\u00fa\u0165a\u017e\u201c je propaga\u010dnou s\u00fa\u0165a\u017eou, ktor\u00e1 sl\u00fa\u017ei na podporu predaja a nie je hazardnou hrou v zmysle z\u00e1kona \u010d. 30\/2019 Z. z. o hazardn\u00fdch hr\u00e1ch a o zmene a doplnen\u00ed niektor\u00fdch z\u00e1konov v znen\u00ed neskor\u0161\u00edch predpisov.<\/li>\r\n<\/ol>\r\n<\/li>\r\n<\/ol>\r\n<p><!-- \/wp:list -->\u00a0<\/p>\r\n<!-- wp:paragraph {\"align\":\"center\"} -->\r\n<p class=\"has-text-align-center\" style=\"text-align: center;\"><strong>II.<br \/>Term\u00edny konania s\u00fa\u0165a\u017ee a \u00fa\u010dastn\u00edci s\u00fa\u0165a\u017ee<\/strong><!-- \/wp:paragraph --><\/p>\r\n<!-- wp:list {\"ordered\":true} -->\r\n<ol class=\"wp-block-list\">\r\n<li style=\"list-style-type: none;\">\r\n<ol class=\"wp-block-list\"><!-- wp:list-item {\"className\":\"sutazStatutItem\"} -->\r\n<li class=\"sutazStatutItem\">S\u00fa\u0165a\u017e \u201eV\u00ddHERN\u00dd CHLEB\u00cdK\u201c \u00a0sa uskuto\u010dn\u00ed v term\u00edne od 01.08.2025 do 31.12.2025 v dvojt\u00fd\u017edenn\u00fdch hern\u00fdch intervaloch (\u010falej v texte ako \u201es\u00fa\u0165a\u017en\u00fd t\u00fd\u017ede\u0148\u201c). Vyhl\u00e1senie v\u00fdhercu \u00a0sa uskuto\u010dn\u00ed ka\u017ed\u00fd s\u00fa\u0165a\u017en\u00fd t\u00fd\u017ede\u0148 v piatok po 12-tej hodine. Prv\u00e9 vyhl\u00e1senie \u00a0v\u00fdhercu sa uskuto\u010dn\u00ed\u00a0 d\u0148a 15.08.2025. V\u00fdhrou \u201eV\u00ddHERN\u00dd CHLEB\u00cdK\u201c je vecn\u00e1 v\u00fdhra.<\/li>\r\n<!-- \/wp:list-item -->\r\n\r\n<!-- wp:list-item {\"className\":\"sutazStatutItem\"} -->\r\n<li class=\"sutazStatutItem\">O skon\u010den\u00ed \u201eS\u00fa\u0165a\u017ee,\u201c alebo ak\u00fdchko\u013evek zmen\u00e1ch pravidiel bude fy STARVYS s.r.o. \u00a0informova\u0165 na webovej str\u00e1nke www.starvys.sk.alebo\u00a0na facebookovom profile firmy.<\/li>\r\n<!-- \/wp:list-item -->\r\n\r\n<!-- wp:list-item {\"className\":\"sutazStatutItem\"} -->\r\n<li class=\"sutazStatutItem\">Pre ka\u017ed\u00fd s\u00fa\u0165a\u017en\u00fd t\u00fd\u017ede\u0148 bude na webovej str\u00e1nke www.starvys.sk \u00a0alebo na facebookovom profile zverejnen\u00fd aktu\u00e1lny \u201ev\u00fdhern\u00fd chleb\u00edk\u201c \u2013 chleb\u00edk v\u00a0ktorom bude zape\u010den\u00fd jeden \u0161\u0165astn\u00fd \u0161tvorl\u00edstok \u00a0a\u00a0p\u00e4\u0165 hviezdi\u010diek potrebn\u00fdch k v\u00fdhre.<\/li>\r\n<!-- \/wp:list-item -->\r\n\r\n<!-- wp:list-item {\"className\":\"sutazStatutItem\"} -->\r\n<li class=\"sutazStatutItem\">Do \u201eS\u00fa\u0165a\u017ee\u201c sa m\u00f4\u017ee zapoji\u0165 ka\u017ed\u00e1 fyzick\u00e1 osoba, ktor\u00e1 m\u00e1 v \u010dase registr\u00e1cie do S\u00fa\u0165a\u017ee dov\u0155\u0161en\u00fdch 18 rokov, ktor\u00e1 s\u00fahlas\u00ed s t\u00fdmto \u0160tat\u00fatom s\u00fa\u0165a\u017ee a s \u010fal\u0161\u00edmi podmienkami \u0161pecifikovan\u00fdmi po\u010das \u201eS\u00fa\u0165a\u017ee.\u201c Tieto sa pre neho st\u00e1vaj\u00fa z\u00e1v\u00e4zn\u00e9. Ak sa do \u201eS\u00fa\u0165a\u017ee\u201c zaregistruje a aj vyhr\u00e1 osoba mlad\u0161ia ako 18 rokov, v\u00fdhra bude odovzdan\u00e1 jej z\u00e1konn\u00e9mu z\u00e1stupcovi. Organiz\u00e1tor \u201eS\u00fa\u0165a\u017ee\u201c m\u00e1 pr\u00e1vo \u017eiada\u0165 od v\u00fdhercu predlo\u017eenie pr\u00edslu\u0161n\u00e9ho dokladu, ktor\u00fdm\u00a0 t\u00e1to osoba preuk\u00e1\u017ee dov\u0155\u0161enie 18 rokov veku, ak m\u00e1 organiz\u00e1tor pochybnosti o veku v\u00fdhercu.<\/li>\r\n<!-- \/wp:list-item -->\r\n\r\n<!-- wp:list-item {\"className\":\"sutazStatutItem\"} -->\r\n<li class=\"sutazStatutItem\">\u00da\u010dastn\u00edkom \u201eS\u00fa\u0165a\u017ee\u201c je ka\u017ed\u00e1 fyzick\u00e1 osoba, ktor\u00e1 si v\u00a0r\u00e1mci \u00a0\u201eS\u00fa\u0165a\u017ee\u201c zak\u00fapi v\u00fdhern\u00fd bochn\u00edk. Jeden s\u00fa\u0165a\u017eiaci si m\u00f4\u017ee po\u010das trvania s\u00fa\u0165a\u017ee zak\u00fapi\u0165 neobmedzen\u00e9 mno\u017estvo bochn\u00edkov.<\/li>\r\n<!-- \/wp:list-item -->\r\n\r\n<!-- wp:list-item {\"className\":\"sutazStatutItem\"} -->\r\n<li class=\"sutazStatutItem\">Vyhl\u00e1senie v\u00fdhercu \u00a0bude prebieha\u0165, prv\u00fd kr\u00e1t v piatok 15.08.2025 a n\u00e1sledne ka\u017ed\u00fd druh\u00fd piatok bezprostredne po skon\u010den\u00ed s\u00fa\u0165a\u017en\u00e9ho t\u00fd\u017ed\u0148a, teda po 12:00<\/li>\r\n<!-- \/wp:list-item -->\r\n\r\n<!-- wp:list-item {\"className\":\"sutazStatutItem\"} -->\r\n<li class=\"sutazStatutItem\">Do \u201eS\u00fa\u0165a\u017ee\u201c sa m\u00f4\u017ee zapoji\u0165 ka\u017ed\u00fd z\u00e1kazn\u00edk STARVYSU s.r.o, ktor\u00fd s\u00fahlas\u00ed s t\u00fdmto \u0160tat\u00fatom \u201eS\u00fa\u0165a\u017ee\u201c a s \u010fal\u0161\u00edmi podmienkami \u0161pecifikovan\u00fdmi po\u010das \u201eS\u00fa\u0165a\u017ee.\u201c Tieto sa pre neho st\u00e1vaj\u00fa z\u00e1v\u00e4zn\u00e9.<\/li>\r\n<!-- \/wp:list-item -->\r\n\r\n<!-- wp:list-item {\"className\":\"sutazStatutItem\"} -->\r\n<li class=\"sutazStatutItem\">Osobami vyl\u00fa\u010den\u00fdmi zo \u201eS\u00fa\u0165a\u017ee\u201c s\u00fa zamestnanci a ich rodinn\u00ed pr\u00edslu\u0161n\u00edci spolo\u010dnost\u00ed STARVYS s.r.o. ako aj zamestnanci v\u0161etk\u00fdch subdod\u00e1vate\u013esk\u00fdch firiem podie\u013eaj\u00facich sa na pr\u00edprave a realiz\u00e1cii \u201eS\u00fa\u0165a\u017ee.\u201c<\/li>\r\n<!-- \/wp:list-item -->\r\n\r\n<!-- wp:list-item {\"className\":\"sutazStatutItem\"} -->\r\n<li class=\"sutazStatutItem\">Pre ur\u010denie a rozhodnutie, \u010di m\u00e1 s\u00fa\u0165a\u017eiaci pr\u00e1vo na v\u00fdhru a ak\u00e1 bude, mus\u00ed s\u00fa\u0165a\u017eiaci prinies\u0165\u00a0n\u00e1jden\u00fd \u017eet\u00f3n do pek\u00e1rne STARVYS s.r.o., Daxnerova 194\/13, 986 01 Fi\u013eakovo.<\/li>\r\n<\/ol>\r\n<\/li>\r\n<\/ol>\r\n<p><!-- \/wp:list-item --><!-- \/wp:list -->\u00a0<\/p>\r\n<!-- wp:paragraph {\"align\":\"center\"} -->\r\n<p class=\"has-text-align-center\" style=\"text-align: center;\"><strong>III.<br \/><b>Pravidl\u00e1, vyhodnotenie s\u00fa\u0165a\u017ee, s\u0165a\u017enosti<\/b><\/strong><!-- \/wp:paragraph --><\/p>\r\n<!-- wp:list {\"ordered\":true} -->\r\n<ol class=\"wp-block-list\">\r\n<li style=\"list-style-type: none;\">\r\n<ol class=\"wp-block-list\"><!-- wp:list-item {\"className\":\"sutazStatutItem\"} -->\r\n<li class=\"sutazStatutItem\">S\u00fa\u0165a\u017eiaci sa m\u00f4\u017ee z\u00fa\u010dastni\u0165 \u201eS\u00fa\u0165a\u017ee\u201c tak, \u017ee si zak\u00fapi chleb\u00edk ktor\u00fd je ozna\u010den\u00fd jedlou etiketou\u00a0 v\u00fdhern\u00fd chleb\u00edk , prekroj\u00ed ho a\u00a0ke\u010f v\u00a0prekrojenom chleb\u00edku n\u00e1jde <strong>\u0161tvorl\u00edstok<\/strong>, vyberie ho z\u00a0chleb\u00edka a\u00a0prinesie do pek\u00e1rne STARVYS s.r.o. , Daxnerova 194\/13, 986 01 Fi\u013eakovo. Ak v\u0161ak v\u00a0prekrojenom chleb\u00edku n\u00e1jde\u00a0 <strong>hviezdi\u010dku,<\/strong> postupuje do \u017erebovania o\u00a0hlavn\u00fa v\u00fdhru, ktor\u00e1 bude losovan\u00e1 v\u00a0decembri.<\/li>\r\n<!-- \/wp:list-item -->\r\n\r\n<!-- wp:list-item {\"className\":\"sutazStatutItem\"} -->\r\n<li class=\"sutazStatutItem\">N\u00e1jden\u00fd <strong>\u0161tvorl\u00edstok a hviezdi\u010dku<\/strong> v\u00fdherca mus\u00ed prinies\u0165 do s\u00eddla pek\u00e1rne STARVYS s.r.o., Daxnerova 194\/13, 986 01 Fi\u013eakovo a to prv\u00fd kr\u00e1t v piatok 15.08.2025 . N\u00e1sledne sa v\u00fdherca s\u00a0v\u00fdhern\u00fdm <strong>\u0161tvorl\u00edstkom<\/strong> odfot\u00ed a\u00a0fotka bude zverejnen\u00e1 na facebookovom s\u00eddle firmy STARVYS s.r.o. v \u00a0piatok do 12.00hod.\u00a0 \u201es\u00fa\u0165a\u017en\u00e9ho t\u00fd\u017ed\u0148a\u201c. V\u00fdherca ktor\u00fd prinesie <strong>hviezdi\u010dku<\/strong> dostane v\u00fdhern\u00fd kup\u00f3n, ktor\u00fd bude zaraden\u00fd do zlosovania o\u00a0hlavn\u00fa v\u00fdhru.<\/li>\r\n<!-- \/wp:list-item -->\r\n\r\n<!-- wp:list-item {\"className\":\"sutazStatutItem\"} -->\r\n<li class=\"sutazStatutItem\">V\u00a0pr\u00edpade, \u017ee v\u00fdherca neprinesie v\u00fdhern\u00fd <strong>\u0161tvorl\u00edstok<\/strong>\u00a0 do piatku do 12.00hod.\u00a0 \u201es\u00fa\u0165a\u017en\u00e9ho t\u00fd\u017ed\u0148a\u201c cena nebude v\u00fdhercovi poskytnut\u00e1.<\/li>\r\n<!-- \/wp:list-item -->\r\n\r\n<!-- wp:list-item {\"className\":\"sutazStatutItem\"} -->\r\n<li class=\"sutazStatutItem\">Ka\u017ed\u00fd s\u00fa\u0165a\u017eiaci m\u00f4\u017ee by\u0165 v\u00fdhercom len raz za 2 s\u00fa\u0165a\u017en\u00e9 t\u00fd\u017edne.<\/li>\r\n<!-- \/wp:list-item -->\r\n\r\n<!-- wp:list-item {\"className\":\"sutazStatutItem\"} -->\r\n<li class=\"sutazStatutItem\">S\u00fa\u0165a\u017eiaci o\u00a0skuto\u010dnosti \u017ee na\u0161iel v\u00fdhern\u00fd \u0161tvorl\u00edstok mus\u00ed poml\u010da\u0165 . To \u017ee je v\u00fdhercom zverejn\u00ed firma STARVYS s.r.o. na svojom facebookovom profile . Na str\u00e1nke <a href=\"http:\/\/www.starvys.sk\">www.starvys.sk<\/a> bude zverejnen\u00fd zoznam v\u00fdhercov.<\/li>\r\n<!-- \/wp:list-item -->\r\n\r\n<!-- wp:list-item {\"className\":\"sutazStatutItem\"} -->\r\n<li class=\"sutazStatutItem\">Ak s\u00fa\u0165a\u017eiaci nezachov\u00e1 ml\u010danlivos\u0165 o\u00a0svojej v\u00fdhre a\u017e do d\u0148a zverejnenia v\u00fdhercu, nebude mu v\u00fdhra vydan\u00e1.<\/li>\r\n<!-- \/wp:list-item -->\r\n\r\n<!-- wp:list-item {\"className\":\"sutazStatutItem\"} -->\r\n<li class=\"sutazStatutItem\">STARVYS s.r.o. si vyhradzuje pr\u00e1vo kedyko\u013evek zmeni\u0165 pravidl\u00e1 \u201eS\u00fa\u0165a\u017ee.\u201c<\/li>\r\n<!-- \/wp:list-item -->\r\n\r\n<!-- wp:list-item {\"className\":\"sutazStatutItem\"} -->\r\n<li class=\"sutazStatutItem\">V pr\u00edpade ak\u00fdchko\u013evek z\u00e1le\u017eitost\u00ed t\u00fdkaj\u00facich sa ktorejko\u013evek \u010dasti \u201eS\u00fa\u0165a\u017ee\u201c alebo ktor\u00e9hoko\u013evek rozhodnutia v \u201eS\u00fa\u0165a\u017ei\u201c je relevantn\u00e9 a kone\u010dn\u00e9 rozhodnutie STARVYS s.r.o bez oh\u013eadu na ak\u00e9ko\u013evek in\u00e9 dojednania alebo dohody so s\u00fa\u0165a\u017eiacim, resp. osobou splnomocnenou na konanie v mene s\u00fa\u0165a\u017eiaceho.<\/li>\r\n<!-- \/wp:list-item -->\r\n\r\n<!-- wp:list-item {\"className\":\"sutazStatutItem\"} -->\r\n<li class=\"sutazStatutItem\">STARVYS s.r.o. nehrad\u00ed s\u00fa\u0165a\u017eiacim \u017eiadne n\u00e1klady, ktor\u00e9 im vznikli v s\u00favislosti s \u00fa\u010das\u0165ou v \u201eS\u00fa\u0165a\u017ei.\u201c<\/li>\r\n<!-- \/wp:list-item -->\r\n\r\n<!-- wp:list-item {\"className\":\"sutazStatutItem\"} -->\r\n<li class=\"sutazStatutItem\">STARVYS s.r.o. si vyhradzuje pre pr\u00edpad podozrenia z poru\u0161ovania \u0160tat\u00fatu s\u00fa\u0165a\u017ee najm\u00e4 pre pr\u00edpad podvodn\u00e9ho konania v rozpore s dobr\u00fdmi mravmi a z\u00edskavania v\u00fdhier v rozpore so v\u0161eobecn\u00fdmi a osobitn\u00fdmi podmienkami a dobr\u00fdmi mravmi, zneu\u017e\u00edvania mechanizmu a v\u00fdhod s\u00fa\u0165a\u017e\u00ed, pr\u00e1vo s\u00fa\u0165a\u017eiacemu odmietnu\u0165 mo\u017enos\u0165 \u00fa\u010dasti v \u201eS\u00fa\u0165a\u017ei\u201c a pr\u00e1vo v\u00fdhercovi v\u00fdhru neposkytn\u00fa\u0165.<\/li>\r\n<!-- \/wp:list-item -->\r\n\r\n<!-- wp:list-item {\"className\":\"sutazStatutItem\"} -->\r\n<li class=\"sutazStatutItem\">Pokia\u013e \u00fa\u010dastn\u00edk pod\u00e1 s\u0165a\u017enos\u0165 po\u010das \u201eS\u00fa\u0165a\u017ee\u201c a okolnosti to umo\u017e\u0148uj\u00fa, s\u0165a\u017enos\u0165 bude pos\u00faden\u00e1 okam\u017eite. S\u0165a\u017enos\u0165 mus\u00ed ma\u0165 p\u00edsomn\u00fa formu.<\/li>\r\n<!-- \/wp:list-item -->\r\n\r\n<!-- wp:list-item {\"className\":\"sutazStatutItem\"} -->\r\n<li class=\"sutazStatutItem\">Zo s\u0165a\u017enosti mus\u00ed by\u0165 zrejm\u00e9 kto ju pod\u00e1va, komu je ur\u010den\u00e1, k ak\u00e9mu d\u00e1tumu \u201eS\u00fa\u0165a\u017ee\u201c sa via\u017ee, \u010doho sa t\u00fdka a \u010doho sa s\u0165a\u017eovate\u013e dom\u00e1ha.<\/li>\r\n<!-- \/wp:list-item -->\r\n\r\n<!-- wp:list-item {\"className\":\"sutazStatutItem\"} -->\r\n<li class=\"sutazStatutItem\">Rozhodnutie STARVYSU t\u00fdkaj\u00face sa ak\u00fdchko\u013evek s\u0165a\u017enost\u00ed s\u00fa\u0165a\u017eiacich je kone\u010dn\u00e9.<\/li>\r\n<\/ol>\r\n<\/li>\r\n<\/ol>\r\n<p><!-- \/wp:list-item --><!-- \/wp:list -->\u00a0<\/p>\r\n<!-- wp:paragraph {\"align\":\"center\"} -->\r\n<p class=\"has-text-align-center\" style=\"text-align: center;\"><strong>IV.<br \/>V\u00fdhry<\/strong><!-- \/wp:paragraph --><\/p>\r\n<!-- wp:list {\"ordered\":true} -->\r\n<ol class=\"wp-block-list\">\r\n<li style=\"list-style-type: none;\">\r\n<ol class=\"wp-block-list\"><!-- wp:list-item {\"className\":\"sutazStatutItem\"} -->\r\n<li class=\"sutazStatutItem\">Z\u00e1kladn\u00e1 v\u00fdhra pre ka\u017ed\u00fd s\u00fa\u0165a\u017en\u00fd t\u00fd\u017ede\u0148 je \u201ev\u00fdhern\u00fd chleb\u00edk\u201c na mesiac zadarmo.<\/li>\r\n<!-- \/wp:list-item -->\r\n\r\n<!-- wp:list-item {\"className\":\"sutazStatutItem\"} -->\r\n<li class=\"sutazStatutItem\">Hlavn\u00e1 v\u00fdhra je v\u00edkendov\u00fd pobyt v jedine\u010dnom Hoteli Hviezda*** Dudince s\u00a0baz\u00e9nom a\u00a0wellness na dve noci s\u00a0polpenziou pre dve osoby.<\/li>\r\n<!-- \/wp:list-item -->\r\n\r\n<!-- wp:list-item {\"className\":\"sutazStatutItem\"} -->\r\n<li class=\"sutazStatutItem\">O\u00a0hlavn\u00fa v\u00fdhru sa bude hra\u0165 v\u00a0decembri a\u00a0v\u00ed\u0165az bude vy\u017erebovan\u00fd <strong>12.12.2025<\/strong><\/li>\r\n<!-- \/wp:list-item -->\r\n\r\n<!-- wp:list-item {\"className\":\"sutazStatutItem\"} -->\r\n<li class=\"sutazStatutItem\">\u00a0V\u00fdhru do \u201eS\u00fa\u0165a\u017ee\u201c venuje fy STARVYS s.r.o.<\/li>\r\n<!-- \/wp:list-item -->\r\n\r\n<!-- wp:list-item {\"className\":\"sutazStatutItem\"} -->\r\n<li class=\"sutazStatutItem\">\u00a0Firma STARVYS s.r.o. m\u00e1 pr\u00e1vo kedyko\u013evek po\u010das \u201eS\u00fa\u0165a\u017ee\u201c meni\u0165 po\u010det v\u00fdhier\/ alebo ich hodnotu.<\/li>\r\n<\/ol>\r\n<\/li>\r\n<\/ol>\r\n<p><!-- \/wp:list-item --><!-- \/wp:list -->\u00a0<\/p>\r\n<!-- wp:paragraph {\"align\":\"center\"} -->\r\n<p class=\"has-text-align-center\" style=\"text-align: center;\"><strong>V.<br \/>Zverejnenie v\u00fdsledkov a odovzdanie v\u00fdhier<\/strong><!-- \/wp:paragraph --><\/p>\r\n<!-- wp:list {\"ordered\":true} -->\r\n<ol class=\"wp-block-list\">\r\n<li style=\"list-style-type: none;\">\r\n<ol class=\"wp-block-list\"><!-- wp:list-item {\"className\":\"sutazStatutItem\"} -->\r\n<li class=\"sutazStatutItem\">V\u00fdherca\u00a0 bude potvrden\u00fd v\u017edy v piatok o 12.00hod.\u00a0po skon\u010den\u00ed \u201es\u00fa\u0165a\u017en\u00e9ho t\u00fd\u017ed\u0148a\u201c konate\u013eom firmy STARVYS s.r.o. .<\/li>\r\n<!-- \/wp:list-item -->\r\n\r\n<!-- wp:list-item {\"className\":\"sutazStatutItem\"} -->\r\n<li class=\"sutazStatutItem\">V\u00fdhra bude v\u00fdhercovi \u201eS\u00fa\u0165a\u017ee\u201c pouk\u00e1zan\u00e1 formou pouk\u00e1\u017eky na ktor\u00fa si v\u00a0priebehu mesiaca bude vybera\u0165 svoj v\u00fdhern\u00fd chleb\u00edk (maxim\u00e1lne 30ks).<\/li>\r\n<!-- \/wp:list-item -->\r\n\r\n<!-- wp:list-item {\"className\":\"sutazStatutItem\"} -->\r\n<li class=\"sutazStatutItem\">Hlavn\u00e1 v\u00fdhra bude v\u00fdhercovi \u201eS\u00fa\u0165a\u017ee\u201c pouk\u00e1zan\u00e1 formou \u00a0rekrea\u010dn\u00e9ho poukazu.<\/li>\r\n<!-- \/wp:list-item -->\r\n\r\n<!-- wp:list-item {\"className\":\"sutazStatutItem\"} -->\r\n<li class=\"sutazStatutItem\">V\u00fdherca \u201eS\u00fa\u0165a\u017ee\u201c berie na vedomie, \u017ee str\u00e1ca n\u00e1rok na v\u00fdhru v \u201eS\u00fa\u0165a\u017ei\u201c v pr\u00edpade, ak nebude reagova\u0165 (odpoveda\u0165) na komunik\u00e1ciu so z\u00e1stupcom fy STARVYS s.r.o. pod\u013ea bodu 2 tohto \u010dl\u00e1nku \u0160tat\u00fatu a\/alebo nevykon\u00e1 \u00fakony smeruj\u00face k nadobudnutiu v\u00fdhry do 31 dn\u00ed ood nadobudnutia v\u00fdhry.<\/li>\r\n<!-- \/wp:list-item -->\r\n\r\n<!-- wp:list-item {\"className\":\"sutazStatutItem\"} -->\r\n<li class=\"sutazStatutItem\">V pr\u00edpade z\u00e1niku n\u00e1roku na v\u00fdhru v\u00fdhercovi \u201eS\u00fa\u0165a\u017ee\u201c nevznik\u00e1 \u017eiaden n\u00e1rok akejko\u013evek n\u00e1hrady v\u00fdhry.<\/li>\r\n<\/ol>\r\n<\/li>\r\n<\/ol>\r\n<p><!-- \/wp:list-item --><!-- \/wp:list -->\u00a0<\/p>\r\n<!-- wp:paragraph {\"align\":\"center\"} -->\r\n<p class=\"has-text-align-center\" style=\"text-align: center;\"><strong>VI.<br \/>Ukon\u010denie \u00fa\u010dasti v\u00a0\u201eS\u00fa\u0165a\u017ei\u201c<\/strong><!-- \/wp:paragraph --><\/p>\r\n<!-- wp:list {\"ordered\":true} -->\r\n<ol class=\"wp-block-list\">\r\n<li style=\"list-style-type: none;\">\r\n<ol class=\"wp-block-list\"><!-- wp:list-item {\"className\":\"sutazStatutItem\"} -->\r\n<li class=\"sutazStatutItem\">S\u00fa\u0165a\u017eiaci m\u00e1 pr\u00e1vo ukon\u010di\u0165 svoju \u00fa\u010das\u0165 v \u201eS\u00fa\u0165a\u017ei\u201c jednoducho nekupovan\u00edm \u201ev\u00fdhern\u00e9ho chleb\u00edka\u201c.<\/li>\r\n<!-- \/wp:list-item -->\r\n\r\n<!-- wp:list-item {\"className\":\"sutazStatutItem\"} -->\r\n<li class=\"sutazStatutItem\">S\u00fa\u0165a\u017eiaci m\u00e1 kedyko\u013evek pr\u00e1vo namieta\u0165 vo\u010di sprac\u00favaniu osobn\u00fdch \u00fadajov na \u00fa\u010dely priameho marketingu v s\u00falade s Podmienkami ochrany s\u00fakromia, \u010doho d\u00f4sledkom bude po vybaven\u00ed takejto n\u00e1mietky ukon\u010den\u00e1 \u00fa\u010das\u0165 v \u201eS\u00fa\u0165a\u017ei\u201c\u00a0 a vymazan\u00e9 osobn\u00e9 \u00fadaje s\u00fa\u0165a\u017eiaceho sprac\u00favan\u00e9 fy STARVYS s.r.o.. N\u00e1mietku je mo\u017en\u00e9 poda\u0165 p\u00edsomne.<\/li>\r\n<\/ol>\r\n<\/li>\r\n<\/ol>\r\n<p><!-- \/wp:list-item --><!-- \/wp:list -->\u00a0<\/p>\r\n<!-- wp:paragraph {\"align\":\"center\"} -->\r\n<p class=\"has-text-align-center\" style=\"text-align: center;\"><strong>VII.<br \/>Ochrana osobn\u00fdch \u00fadajov<\/strong><!-- \/wp:paragraph --><\/p>\r\n<!-- wp:list {\"ordered\":true} -->\r\n<ol class=\"wp-block-list\">\r\n<li style=\"list-style-type: none;\">\r\n<ol class=\"wp-block-list\"><!-- wp:list-item {\"className\":\"sutazStatutItem\"} -->\r\n<li class=\"sutazStatutItem\">Firma STARVYS s.r.o. sa zav\u00e4zuje v\u0161etky inform\u00e1cie, ktor\u00e9 jej s\u00fa\u0165a\u017eiaci poskytn\u00fa na \u00fa\u010dely S\u00fa\u0165a\u017ee\u00a0 sprac\u00fava\u0165 v s\u00falade s platnou legislat\u00edvou upravuj\u00facou ochranu osobn\u00fdch \u00fadajov. Z\u00edskan\u00e9 osobn\u00e9 \u00fadaje bud\u00fa sprac\u00favan\u00e9 najm\u00e4 na:<br \/>a) \u00da\u010del organizovania spotrebite\u013esk\u00fdch s\u00fa\u0165a\u017e\u00ed v rozsahu nevyhnutnom pre \u00fa\u010das\u0165 v \u201eS\u00fa\u0165a\u017ei\u201c a pre odovzdanie v\u00fdhier.<br \/>b) \u00da\u010del zasielania priamej marketingovej komunik\u00e1cie vyz\u00fdvaj\u00facej k \u010fal\u0161ej opakovanej \u00fa\u010dasti v \u201eS\u00fa\u0165a\u017ei\u201c<\/li>\r\n<!-- \/wp:list-item -->\r\n\r\n<!-- wp:list-item {\"className\":\"sutazStatutItem\"} -->\r\n<li class=\"sutazStatutItem\">S\u00fa\u0165a\u017eiaci s\u00fahlasia so spracovan\u00ed osobn\u00fdch \u00fadajov .<\/li>\r\n<!-- \/wp:list-item -->\r\n\r\n<!-- wp:list-item {\"className\":\"sutazStatutItem\"} -->\r\n<li class=\"sutazStatutItem\">S\u00da\u0164A\u017dIACI M\u00c1 AKO DOTKNUT\u00c1 OSOBA PR\u00c1VO KEDYKO\u013dVEK NAMIETA\u0164 VO\u010cI SPRAC\u00daVANIU OSOBN\u00ddCH \u00daDAJOV NA PRIAME MARKETINGOV\u00c9 \u00da\u010cELY. S\u00da\u0164A\u017dIACI \u00da\u010cAS\u0164OU V S\u00da\u0164A\u017dI POTVRDZUJE, \u017dE BOL S TOUTO INFORM\u00c1CIOU OBOZN\u00c1MEN\u00dd U\u017d V \u010cASE REGISTR\u00c1CIE DO S\u00da\u0164A\u017dE.<\/li>\r\n<\/ol>\r\n<\/li>\r\n<\/ol>\r\n<p><!-- \/wp:list-item --><!-- \/wp:list -->\u00a0<\/p>\r\n<!-- wp:paragraph {\"align\":\"center\"} -->\r\n<p class=\"has-text-align-center\" style=\"text-align: center;\"><strong>VIII.<br \/>Z\u00e1vere\u010dn\u00e9 ustanovenia<\/strong><!-- \/wp:paragraph --><\/p>\r\n<!-- wp:list {\"ordered\":true} -->\r\n<ol class=\"wp-block-list\">\r\n<li style=\"list-style-type: none;\">\r\n<ol class=\"wp-block-list\"><!-- wp:list-item {\"className\":\"sutazStatutItem\"} -->\r\n<li class=\"sutazStatutItem\">N\u00e1le\u017eitosti, ktor\u00e9 nie s\u00fa uveden\u00e9 v tomto \u0160tat\u00fate, upravuj\u00fa V\u0161eobecn\u00e9 podmienky s\u00fa\u0165a\u017e\u00ed vo firme\u00a0 STARVYS s.r.o., ktor\u00e9 tento \u0160tat\u00fat S\u00fa\u0165a\u017ee dop\u013a\u0148aj\u00fa. V pr\u00edpade rozporu \u00fapravy \u0160tat\u00fatu a V\u0161eobecn\u00fdch podmienok s\u00fa\u0165a\u017e\u00ed vo fy STARVYS s.r.o. m\u00e1 prednos\u0165 \u0160tat\u00fat.<\/li>\r\n<!-- \/wp:list-item -->\r\n\r\n<!-- wp:list-item {\"className\":\"sutazStatutItem\"} -->\r\n<li class=\"sutazStatutItem\">Spolo\u010dnos\u0165 STARVYS s.r.o..\u00a0 m\u00e1 v\u00fdhradn\u00e9 pr\u00e1vo kedyko\u013evek jednostranne zmeni\u0165, zru\u0161i\u0165 alebo doplni\u0165\u00a0 tento \u0160tat\u00fat S\u00fa\u0165a\u017ee.<\/li>\r\n<\/ol>\r\n<\/li>\r\n<\/ol>\r\n<!-- \/wp:list-item --><!-- \/wp:list -->\r\n<p>[\/vc_column_text][g5element_space spacing=&#8221;20&#8243; spacing_lg=&#8221;0&#8243; spacing_md=&#8221;0&#8243; spacing_sm=&#8221;0&#8243; spacing_xs=&#8221;0&#8243;][vc_separator color=&#8221;custom&#8221; el_width=&#8221;30&#8243; accent_color=&#8221;#ccc7c1&#8243;][g5element_space spacing=&#8221;40&#8243; spacing_lg=&#8221;20&#8243; spacing_md=&#8221;20&#8243; spacing_sm=&#8221;20&#8243; spacing_xs=&#8221;20&#8243;][\/vc_column][\/vc_row]<\/p>","protected":false},"excerpt":{"rendered":"<p>[vc_row full_width=&#8221;stretch_row&#8221;][vc_column][g5element_space spacing=&#8221;50&#8243; spacing_lg=&#8221;20&#8243; spacing_md=&#8221;20&#8243; spacing_sm=&#8221;20&#8243; spacing_xs=&#8221;20&#8243;][vc_single_image image=&#8221;4070&#8243; img_size=&#8221;full&#8221; alignment=&#8221;center&#8221;][g5element_space spacing=&#8221;30&#8243; spacing_lg=&#8221;15&#8243; spacing_md=&#8221;15&#8243; spacing_sm=&#8221;15&#8243; spacing_xs=&#8221;15&#8243;][vc_separator color=&#8221;custom&#8221; el_width=&#8221;50&#8243; accent_color=&#8221;#ccc7c1&#8243;][g5element_space spacing=&#8221;30&#8243; spacing_lg=&#8221;15&#8243; spacing_md=&#8221;15&#8243; spacing_sm=&#8221;15&#8243; spacing_xs=&#8221;15&#8243;][vc_column_text] \u0160tat\u00fat spotrebite\u013eskej propaga\u010dnej s\u00fa\u0165a\u017ee \u201eV\u00ddHERN\u00dd CHLEB\u00cdK\u201cv znen\u00ed platnom od 01.08.2025 (\u010falej len \u201e\u0160tat\u00fat\u201c) \u00a0 \u00a0I.Vyhlasovatelia a organiz\u00e1tori s\u00fa\u0165a\u017ee \u00a0Vyhlasovate\u013eom a organiz\u00e1torom s\u00fa\u0165a\u017ee \u201eV\u00ddHERN\u00dd CHLEB\u00cdK\u201c je spolo\u010dnos\u0165 STARVYS s.r.o. Daxnerova 194\/13, 986 01 [&hellip;]<\/p>\n","protected":false},"author":1,"featured_media":0,"parent":0,"menu_order":0,"comment_status":"closed","ping_status":"closed","template":"","meta":{"footnotes":"[]"},"class_list":["post-2","page","type-page","status-publish","hentry"],"translation":{"provider":"WPGlobus","version":"3.0.0","language":"hu","enabled_languages":["sk","hu"],"languages":{"sk":{"title":true,"content":true,"excerpt":false},"hu":{"title":false,"content":false,"excerpt":false}}},"_links":{"self":[{"href":"https:\/\/starvys.sk\/hu\/wp-json\/wp\/v2\/pages\/2"}],"collection":[{"href":"https:\/\/starvys.sk\/hu\/wp-json\/wp\/v2\/pages"}],"about":[{"href":"https:\/\/starvys.sk\/hu\/wp-json\/wp\/v2\/types\/page"}],"author":[{"embeddable":true,"href":"https:\/\/starvys.sk\/hu\/wp-json\/wp\/v2\/users\/1"}],"replies":[{"embeddable":true,"href":"https:\/\/starvys.sk\/hu\/wp-json\/wp\/v2\/comments?post=2"}],"version-history":[{"count":64,"href":"https:\/\/starvys.sk\/hu\/wp-json\/wp\/v2\/pages\/2\/revisions"}],"predecessor-version":[{"id":4304,"href":"https:\/\/starvys.sk\/hu\/wp-json\/wp\/v2\/pages\/2\/revisions\/4304"}],"wp:attachment":[{"href":"https:\/\/starvys.sk\/hu\/wp-json\/wp\/v2\/media?parent=2"}],"curies":[{"name":"wp","href":"https:\/\/api.w.org\/{rel}","templated":true}]}}