{"id":316,"date":"2019-07-25T08:50:10","date_gmt":"2019-07-25T08:50:10","guid":{"rendered":"https:\/\/starvys.sk\/?page_id=316"},"modified":"2025-07-27T17:32:59","modified_gmt":"2025-07-27T16:32:59","slug":"404-page","status":"publish","type":"page","link":"https:\/\/starvys.sk\/hu\/404-page\/","title":{"rendered":"Chyba"},"content":{"rendered":"<p>[vc_row css=&#8221;.vc_custom_1564048950314{margin-top: 40px !important;margin-bottom: 47px !important;}&#8221;][vc_column][g5element_heading layout_style=&#8221;style-02&#8243; title=&#8221;Ups! Str\u00e1nka nen\u00e1jden\u00e1.&#8221; description=&#8221;Str\u00e1nka, ktor\u00fa h\u013ead\u00e1te zd\u00e1 sa neexistuje.&#8221; title_typography=&#8221;%7B%22font_family%22%3A%22Lora%22%2C%22font_weight%22%3A%22700%22%2C%22font_style%22%3A%22normal%22%2C%22font_size_lg%22%3A%22%22%2C%22font_size_md%22%3A%22%22%2C%22font_size_sm%22%3A%22%22%2C%22font_size_xs%22%3A%22%22%2C%22align%22%3A%22%22%2C%22text_transform%22%3A%22%22%2C%22line_height%22%3A%22%22%2C%22letter_spacing%22%3A%22%22%2C%22color%22%3A%22secondary%22%2C%22hover_color%22%3A%22%22%7D&#8221; description_typography=&#8221;%7B%22font_family%22%3A%22%22%2C%22font_weight%22%3A%22%22%2C%22font_style%22%3A%22%22%2C%22font_size_lg%22%3A%2218%22%2C%22font_size_md%22%3A%22%22%2C%22font_size_sm%22%3A%22%22%2C%22font_size_xs%22%3A%22%22%2C%22align%22%3A%22%22%2C%22text_transform%22%3A%22%22%2C%22line_height%22%3A%22%22%2C%22letter_spacing%22%3A%22%22%2C%22color%22%3A%22%22%2C%22hover_color%22%3A%22%22%7D&#8221; el_class=&#8221;heading-404&#8243;][vc_column_text]<\/p>\n<p class=\"text-center\">Pros\u00edm vr\u00e1\u0165te sa na <a class=\"link-404-back-home\" href=\"https:\/\/starvys.sk\/\">\u00davodn\u00fa str\u00e1nku<\/a><\/p>\n<p>[\/vc_column_text][\/vc_column][\/vc_row]<\/p>\n","protected":false},"excerpt":{"rendered":"<p>[vc_row css=&#8221;.vc_custom_1564048950314{margin-top: 40px !important;margin-bottom: 47px !important;}&#8221;][vc_column][g5element_heading layout_style=&#8221;style-02&#8243; title=&#8221;Ups! Str\u00e1nka nen\u00e1jden\u00e1.&#8221; description=&#8221;Str\u00e1nka, ktor\u00fa h\u013ead\u00e1te zd\u00e1 sa neexistuje.&#8221; title_typography=&#8221;%7B%22font_family%22%3A%22Lora%22%2C%22font_weight%22%3A%22700%22%2C%22font_style%22%3A%22normal%22%2C%22font_size_lg%22%3A%22%22%2C%22font_size_md%22%3A%22%22%2C%22font_size_sm%22%3A%22%22%2C%22font_size_xs%22%3A%22%22%2C%22align%22%3A%22%22%2C%22text_transform%22%3A%22%22%2C%22line_height%22%3A%22%22%2C%22letter_spacing%22%3A%22%22%2C%22color%22%3A%22secondary%22%2C%22hover_color%22%3A%22%22%7D&#8221; description_typography=&#8221;%7B%22font_family%22%3A%22%22%2C%22font_weight%22%3A%22%22%2C%22font_style%22%3A%22%22%2C%22font_size_lg%22%3A%2218%22%2C%22font_size_md%22%3A%22%22%2C%22font_size_sm%22%3A%22%22%2C%22font_size_xs%22%3A%22%22%2C%22align%22%3A%22%22%2C%22text_transform%22%3A%22%22%2C%22line_height%22%3A%22%22%2C%22letter_spacing%22%3A%22%22%2C%22color%22%3A%22%22%2C%22hover_color%22%3A%22%22%7D&#8221; el_class=&#8221;heading-404&#8243;][vc_column_text] Pros\u00edm vr\u00e1\u0165te sa na \u00davodn\u00fa str\u00e1nku [\/vc_column_text][\/vc_column][\/vc_row]<\/p>\n","protected":false},"author":1,"featured_media":0,"parent":0,"menu_order":0,"comment_status":"closed","ping_status":"closed","template":"","meta":{"footnotes":""},"class_list":["post-316","page","type-page","status-publish","hentry"],"translation":{"provider":"WPGlobus","version":"3.0.0","language":"hu","enabled_languages":["sk","hu"],"languages":{"sk":{"title":true,"content":true,"excerpt":false},"hu":{"title":false,"content":false,"excerpt":false}}},"_links":{"self":[{"href":"https:\/\/starvys.sk\/hu\/wp-json\/wp\/v2\/pages\/316"}],"collection":[{"href":"https:\/\/starvys.sk\/hu\/wp-json\/wp\/v2\/pages"}],"about":[{"href":"https:\/\/starvys.sk\/hu\/wp-json\/wp\/v2\/types\/page"}],"author":[{"embeddable":true,"href":"https:\/\/starvys.sk\/hu\/wp-json\/wp\/v2\/users\/1"}],"replies":[{"embeddable":true,"href":"https:\/\/starvys.sk\/hu\/wp-json\/wp\/v2\/comments?post=316"}],"version-history":[{"count":6,"href":"https:\/\/starvys.sk\/hu\/wp-json\/wp\/v2\/pages\/316\/revisions"}],"predecessor-version":[{"id":4287,"href":"https:\/\/starvys.sk\/hu\/wp-json\/wp\/v2\/pages\/316\/revisions\/4287"}],"wp:attachment":[{"href":"https:\/\/starvys.sk\/hu\/wp-json\/wp\/v2\/media?parent=316"}],"curies":[{"name":"wp","href":"https:\/\/api.w.org\/{rel}","templated":true}]}}