{"id":4160,"date":"2025-07-26T22:34:12","date_gmt":"2025-07-26T21:34:12","guid":{"rendered":"https:\/\/starvys.sk\/?page_id=4160"},"modified":"2025-07-27T18:06:56","modified_gmt":"2025-07-27T17:06:56","slug":"uvod","status":"publish","type":"page","link":"https:\/\/starvys.sk\/hu\/","title":{"rendered":"\u00davod"},"content":{"rendered":"<p>[vc_row][vc_column][g5element_space spacing=&#8221;160&#8243; spacing_lg=&#8221;60&#8243; spacing_md=&#8221;55&#8243; spacing_sm=&#8221;50&#8243; spacing_xs=&#8221;40&#8243;][g5element_heading layout_style=&#8221;style-02&#8243; title=&#8221;Vitajte u n\u00e1s&#8221; switch_line_field=&#8221;on&#8221;][g5element_space spacing=&#8221;80&#8243; spacing_lg=&#8221;50&#8243; spacing_md=&#8221;30&#8243; spacing_sm=&#8221;15&#8243; spacing_xs=&#8221;0&#8243;][\/vc_column][\/vc_row][vc_row][vc_column width=&#8221;1\/2&#8243;][g5element_space spacing=&#8221;80&#8243; spacing_lg=&#8221;0&#8243; spacing_md=&#8221;0&#8243; spacing_sm=&#8221;0&#8243; spacing_xs=&#8221;0&#8243;][vc_single_image image=&#8221;511&#8243; img_size=&#8221;full&#8221; el_class=&#8221;text-center-md&#8221;][g5element_space spacing=&#8221;100&#8243; spacing_lg=&#8221;60&#8243; spacing_md=&#8221;50&#8243; spacing_sm=&#8221;40&#8243; spacing_xs=&#8221;30&#8243;][\/vc_column][vc_column width=&#8221;1\/2&#8243;][vc_column_text]<strong>V\u017edy chutn\u00e9 a \u010derstv\u00e9 pe\u010divo na V\u00e1\u0161 st\u00f4l u\u017e 30 rokov!<\/strong><\/p>\n<p>Na\u0161a pek\u00e1re\u0148 bola zalo\u017een\u00e1 v roku 1991. Hist\u00f3ria sa za\u010dala p\u00edsa\u0165 v obci Belina, kde sa chlieb piekol v rodinnom dome prerobenom na pek\u00e1re\u0148. N\u00e1sledne sa v\u00fdrobn\u00e1 \u010dinnos\u0165 presunula do Fi\u013eakova, kde bola pek\u00e1re\u0148 najprv situovan\u00e1 pod hradom, a nesk\u00f4r v novej budove na Daxnerovej ulici. Moment\u00e1lne m\u00e1 pek\u00e1re\u0148 tri vlastn\u00e9 predajne a spolupracuje s vy\u0161e sedemdesiatimi partnermi.<\/p>\n<p>Po\u010das svojho dlhoro\u010dn\u00e9ho p\u00f4sobenia si pek\u00e1re\u0148 z\u00edskala svojich z\u00e1kazn\u00edkov zo \u0161irok\u00e9ho okolia v\u010faka v\u00fdrobkom, ktor\u00e9 sa vyzna\u010duj\u00fa jedine\u010dnou chu\u0165ou a vysokou kvalitou. Medzi na\u0161ich partnerov patria napr\u00edklad: sie\u0165 obchodov Molim, obchody Vass, potraviny Kemex, Plus, Bidor, Kolpask\u00e1, \u0160\u00edpo\u0161, \u0161kolsk\u00e9 jed\u00e1lne, bufety a \u010fal\u0161\u00ed.<\/p>\n<p>Na\u0161\u00edm cie\u013eom je neust\u00e1le roz\u0161irova\u0165 spektrum v\u00fdrobkov a prisp\u00f4sobova\u0165 sa aktu\u00e1lnym trendom. Z\u00e1sadou je, aby tieto produkty sp\u013a\u0148ali nielen krit\u00e9ri\u00e1 Eur\u00f3pskej \u00fanie, ale hlavne vyhoveli na\u0161im z\u00e1kazn\u00edkom.<\/p>\n<p>V roku 2023 bola v\u010faka dot\u00e1ci\u00e1m z EU pek\u00e1re\u0148 kompletne modernizovan\u00e1 , s d\u00f4razom na obstaranie \u0161pi\u010dkovej techniky pre dosiahnutie \u010do najvy\u0161\u0161ej kvality v\u00fdrobkov. V\u010faka zaobstaraniu m\u00fa\u010dneho hospod\u00e1rstva, v\u00fdmene v\u0161etk\u00fdch pec\u00ed, miesi\u010da a deli\u010dky cesta je pek\u00e1re\u0148 schopn\u00e1 produkova\u0165 v\u00e4\u010d\u0161ie mno\u017estvo produktov, efekt\u00edvne a kvalitne. A n\u00e1sledne koncom roka 2024 sme roz\u0161\u00edrili a modernizovali aj v\u00fdrobu paren\u00fdch v\u00fdrobkov.<\/p>\n<p>Preto\u017ee na\u0161ou prioritou je, aby V\u00e1m chutilo!<\/p>\n<p><strong>T\u00edm STARVYS.<\/strong>[\/vc_column_text][\/vc_column][\/vc_row]<\/p>\n","protected":false},"excerpt":{"rendered":"<p>[vc_row][vc_column][g5element_space spacing=&#8221;160&#8243; spacing_lg=&#8221;60&#8243; spacing_md=&#8221;55&#8243; spacing_sm=&#8221;50&#8243; spacing_xs=&#8221;40&#8243;][g5element_heading layout_style=&#8221;style-02&#8243; title=&#8221;Vitajte u n\u00e1s&#8221; switch_line_field=&#8221;on&#8221;][g5element_space spacing=&#8221;80&#8243; spacing_lg=&#8221;50&#8243; spacing_md=&#8221;30&#8243; spacing_sm=&#8221;15&#8243; spacing_xs=&#8221;0&#8243;][\/vc_column][\/vc_row][vc_row][vc_column width=&#8221;1\/2&#8243;][g5element_space spacing=&#8221;80&#8243; spacing_lg=&#8221;0&#8243; spacing_md=&#8221;0&#8243; spacing_sm=&#8221;0&#8243; spacing_xs=&#8221;0&#8243;][vc_single_image image=&#8221;511&#8243; img_size=&#8221;full&#8221; el_class=&#8221;text-center-md&#8221;][g5element_space spacing=&#8221;100&#8243; spacing_lg=&#8221;60&#8243; spacing_md=&#8221;50&#8243; spacing_sm=&#8221;40&#8243; spacing_xs=&#8221;30&#8243;][\/vc_column][vc_column width=&#8221;1\/2&#8243;][vc_column_text]V\u017edy chutn\u00e9 a \u010derstv\u00e9 pe\u010divo na V\u00e1\u0161 st\u00f4l u\u017e 30 rokov! Na\u0161a pek\u00e1re\u0148 bola zalo\u017een\u00e1 v roku 1991. Hist\u00f3ria sa za\u010dala p\u00edsa\u0165 v obci Belina, [&hellip;]<\/p>\n","protected":false},"author":2,"featured_media":0,"parent":0,"menu_order":0,"comment_status":"closed","ping_status":"closed","template":"","meta":{"footnotes":""},"class_list":["post-4160","page","type-page","status-publish","hentry"],"translation":{"provider":"WPGlobus","version":"3.0.0","language":"hu","enabled_languages":["sk","hu"],"languages":{"sk":{"title":true,"content":true,"excerpt":false},"hu":{"title":false,"content":false,"excerpt":false}}},"_links":{"self":[{"href":"https:\/\/starvys.sk\/hu\/wp-json\/wp\/v2\/pages\/4160"}],"collection":[{"href":"https:\/\/starvys.sk\/hu\/wp-json\/wp\/v2\/pages"}],"about":[{"href":"https:\/\/starvys.sk\/hu\/wp-json\/wp\/v2\/types\/page"}],"author":[{"embeddable":true,"href":"https:\/\/starvys.sk\/hu\/wp-json\/wp\/v2\/users\/2"}],"replies":[{"embeddable":true,"href":"https:\/\/starvys.sk\/hu\/wp-json\/wp\/v2\/comments?post=4160"}],"version-history":[{"count":15,"href":"https:\/\/starvys.sk\/hu\/wp-json\/wp\/v2\/pages\/4160\/revisions"}],"predecessor-version":[{"id":4289,"href":"https:\/\/starvys.sk\/hu\/wp-json\/wp\/v2\/pages\/4160\/revisions\/4289"}],"wp:attachment":[{"href":"https:\/\/starvys.sk\/hu\/wp-json\/wp\/v2\/media?parent=4160"}],"curies":[{"name":"wp","href":"https:\/\/api.w.org\/{rel}","templated":true}]}}