{"id":4317,"date":"2025-08-04T22:12:58","date_gmt":"2025-08-04T21:12:58","guid":{"rendered":"https:\/\/starvys.sk\/?page_id=4317"},"modified":"2025-08-05T10:12:48","modified_gmt":"2025-08-05T09:12:48","slug":"predajne-miesta","status":"publish","type":"page","link":"https:\/\/starvys.sk\/hu\/predajne-miesta\/","title":{"rendered":"Predajn\u00e9 miesta"},"content":{"rendered":"<p>[vc_row][vc_column][vc_column_text]<\/p>\r\n<p style=\"text-align: center;\">Na\u0161e chutn\u00e9 v\u00fdrobky si m\u00f4\u017eete zak\u00fapi\u0165 na t\u00fdchto miestach:<\/p><p>[\/vc_column_text][\/vc_column][\/vc_row][vc_row][vc_column][g5element_heading layout_style=&#8221;style-02&#8243; title=&#8221;Belina&#8221; tag_html=&#8221;4&#8243; switch_line_field=&#8221;on&#8221; css=&#8221;.vc_custom_1754341950561{padding-top: 20px !important;padding-bottom: 20px !important;}&#8221;][vc_column_text]<\/p>\r\n<p style=\"text-align: center;\">\u2022\u00a0M\u00f4j Obchod &#8211; Potraviny ABC<\/p>\r\n<p>[\/vc_column_text][g5element_heading layout_style=&#8221;style-02&#8243; title=&#8221;Blhovce&#8221; tag_html=&#8221;4&#8243; switch_line_field=&#8221;on&#8221; css=&#8221;.vc_custom_1754341958038{padding-top: 20px !important;padding-bottom: 20px !important;}&#8221;][vc_column_text]<\/p>\r\n<p style=\"text-align: center;\">\u2022 Potraviny Wapej<\/p>\r\n<p>[\/vc_column_text][g5element_heading layout_style=&#8221;style-02&#8243; title=&#8221;\u010cakanovce&#8221; tag_html=&#8221;4&#8243; switch_line_field=&#8221;on&#8221; css=&#8221;.vc_custom_1754342094892{padding-top: 20px !important;padding-bottom: 20px !important;}&#8221;][vc_column_text]<\/p>\r\n<p style=\"text-align: center;\">\u2022 Potraviny Le\u2013Pidor<\/p>\r\n<p>[\/vc_column_text][g5element_heading layout_style=&#8221;style-02&#8243; title=&#8221;\u010camovce&#8221; tag_html=&#8221;4&#8243; switch_line_field=&#8221;on&#8221; css=&#8221;.vc_custom_1754342101464{padding-top: 20px !important;padding-bottom: 20px !important;}&#8221;][vc_column_text]<\/p>\r\n<p style=\"text-align: center;\">\u2022 Zmie\u0161an\u00fd Tovar Vegyes\u00e1ru, \u010d. 571<br \/>\u2022 Rozli\u010dn\u00fd Tovar, \u010d. 89<\/p>\r\n<p>[\/vc_column_text][g5element_heading layout_style=&#8221;style-02&#8243; title=&#8221;Fi\u013eakovo&#8221; tag_html=&#8221;4&#8243; switch_line_field=&#8221;on&#8221; css=&#8221;.vc_custom_1754342112322{padding-top: 20px !important;padding-bottom: 20px !important;}&#8221;][vc_column_text]<\/p>\r\n<p style=\"text-align: center;\">\u2022 Karitas \u2013 Biskupice, Biskupick\u00e1 172<br \/>\u2022 Tibor Poroszlai, Biskupick\u00e1 cesta 7\/A<br \/>\u2022 <strong>Starvys<\/strong>, Daxnerova 13<br \/>\u2022 Potraviny FRESH, Hlavn\u00e1 648<br \/>\u2022 M\u00f4j Obchod &#8211; Karitas, Jilemnick\u00e9ho 473\/2<br \/>\u2022 Patiserka M\u00f4j obchod u \u013duba, Kvetn\u00e1 1<br \/>\u2022 Potraviny u Jaru\u0161ky, Trhov\u00e1 2<\/p>\r\n<p>[\/vc_column_text][g5element_heading layout_style=&#8221;style-02&#8243; title=&#8221;Fi\u013eakovsk\u00e9 Kov\u00e1\u010de&#8221; tag_html=&#8221;4&#8243; switch_line_field=&#8221;on&#8221; css=&#8221;.vc_custom_1754342122563{padding-top: 20px !important;padding-bottom: 20px !important;}&#8221;][vc_column_text]<\/p>\r\n<p style=\"text-align: center;\">\u2022 Potraviny u Slava, \u010d. 119<br \/>\u2022 Ladislav Tr\u00edzna, \u010d. 121<\/p>\r\n<p>[\/vc_column_text][g5element_heading layout_style=&#8221;style-02&#8243; title=&#8221;Gemersk\u00fd Jablonec&#8221; tag_html=&#8221;4&#8243; switch_line_field=&#8221;on&#8221; css=&#8221;.vc_custom_1754342274322{padding-top: 20px !important;padding-bottom: 20px !important;}&#8221;][vc_column_text]<\/p>\r\n<p style=\"text-align: center;\">\u2022 Zmie\u0161an\u00fd Tovar &#8211; Helena Farkasov\u00e1, \u010d. 169<br \/>\u2022 Fresh Zmie\u0161an\u00fd Tovar, \u010d. 211<br \/>\u2022 Obchod \u2013 Potraviny \u0164a\u017ek\u00fd, \u010d. 2790<\/p>\r\n<p>[\/vc_column_text][g5element_heading layout_style=&#8221;style-02&#8243; title=&#8221;Hajn\u00e1\u010dka&#8221; tag_html=&#8221;4&#8243; switch_line_field=&#8221;on&#8221; css=&#8221;.vc_custom_1754342462610{padding-top: 20px !important;padding-bottom: 20px !important;}&#8221;][vc_column_text]<\/p>\r\n<p style=\"text-align: center;\">\u2022\u00a0M&amp;M Potraviny<\/p>\r\n<p>[\/vc_column_text][g5element_heading layout_style=&#8221;style-02&#8243; title=&#8221;Hodejov&#8221; tag_html=&#8221;4&#8243; switch_line_field=&#8221;on&#8221; css=&#8221;.vc_custom_1754342503609{padding-top: 20px !important;padding-bottom: 20px !important;}&#8221;][vc_column_text]<\/p>\r\n<p style=\"text-align: center;\">\u2022 Potraviny Ill\u00e9s L+J<\/p>\r\n<p>[\/vc_column_text][g5element_heading layout_style=&#8221;style-02&#8243; title=&#8221;Holi\u0161a&#8221; tag_html=&#8221;4&#8243; switch_line_field=&#8221;on&#8221; css=&#8221;.vc_custom_1754342543918{padding-top: 20px !important;padding-bottom: 20px !important;}&#8221;][vc_column_text]<\/p>\r\n<p style=\"text-align: center;\">\u2022 Obchod Szeleck\u00e1, \u010d. 21<\/p>\r\n<p>[\/vc_column_text][g5element_heading layout_style=&#8221;style-02&#8243; title=&#8221;Jesensk\u00e9&#8221; tag_html=&#8221;4&#8243; switch_line_field=&#8221;on&#8221; css=&#8221;.vc_custom_1754342582698{padding-top: 20px !important;padding-bottom: 20px !important;}&#8221;][vc_column_text]<\/p>\r\n<p style=\"text-align: center;\">\u2022 VD Trade Potraviny<\/p>\r\n<p>[\/vc_column_text][g5element_heading layout_style=&#8221;style-02&#8243; title=&#8221;Lu\u010denec&#8221; tag_html=&#8221;4&#8243; switch_line_field=&#8221;on&#8221; css=&#8221;.vc_custom_1754342837827{padding-top: 20px !important;padding-bottom: 20px !important;}&#8221;][vc_column_text]<\/p>\r\n<p style=\"text-align: center;\">\u2022 M\u00e1ria Kelemenov\u00e1 NON-STOP, Dr. Vodu 2<br \/>\u2022 Bonus Market, R\u00fabanisko 1\/4599<\/p>\r\n<p>[\/vc_column_text][g5element_heading layout_style=&#8221;style-02&#8243; title=&#8221;Nov\u00e1 Ba\u0161ta&#8221; tag_html=&#8221;4&#8243; switch_line_field=&#8221;on&#8221; css=&#8221;.vc_custom_1754342943442{padding-top: 20px !important;padding-bottom: 20px !important;}&#8221;][vc_column_text]<\/p>\r\n<p style=\"text-align: center;\">\u2022\u00a0Potraviny P\u00e1lov\u00e1 Edita<\/p>\r\n<p>[\/vc_column_text][g5element_heading layout_style=&#8221;style-02&#8243; title=&#8221;Pr\u0161a&#8221; tag_html=&#8221;4&#8243; switch_line_field=&#8221;on&#8221; css=&#8221;.vc_custom_1754343001106{padding-top: 20px !important;padding-bottom: 20px !important;}&#8221;][vc_column_text]<\/p>\r\n<p style=\"text-align: center;\">\u2022 TOBI MIX<\/p>\r\n<p>[\/vc_column_text][g5element_heading layout_style=&#8221;style-02&#8243; title=&#8221;Radzovce&#8221; tag_html=&#8221;4&#8243; switch_line_field=&#8221;on&#8221; css=&#8221;.vc_custom_1754343055407{padding-top: 20px !important;padding-bottom: 20px !important;}&#8221;][vc_column_text]<\/p>\r\n<p style=\"text-align: center;\">\u2022 M\u00f4j Obchod \u2013 Kolpask\u00e1, \u010cakanovsk\u00e1 cesta<br \/>\u2022 <strong>Starvys<\/strong> Radzovce, Radzovce 71<\/p>\r\n<p>[\/vc_column_text][g5element_heading layout_style=&#8221;style-02&#8243; title=&#8221;Rimavsk\u00e1 Se\u010d&#8221; tag_html=&#8221;4&#8243; switch_line_field=&#8221;on&#8221; css=&#8221;.vc_custom_1754343119933{padding-top: 20px !important;padding-bottom: 20px !important;}&#8221;][vc_column_text]<\/p>\r\n<p style=\"text-align: center;\">\u2022\u00a0Bonus Market<\/p>\r\n<p>[\/vc_column_text][g5element_heading layout_style=&#8221;style-02&#8243; title=&#8221;Rimavsk\u00e1 Sobota&#8221; tag_html=&#8221;4&#8243; switch_line_field=&#8221;on&#8221; css=&#8221;.vc_custom_1754343157708{padding-top: 20px !important;padding-bottom: 20px !important;}&#8221;][vc_column_text]<\/p>\r\n<p style=\"text-align: center;\">\u2022 Potraviny Milk Agro, Ryb\u00e1rska 666<br \/>\u2022 Potraviny Milk Agro, S\u00eddlisko Rimava<br \/>\u2022 Potraviny Milk Agro, SNP 3<\/p>\r\n<p>[\/vc_column_text][g5element_heading layout_style=&#8221;style-02&#8243; title=&#8221;Star\u00e1 Ba\u0161ta &#8221; tag_html=&#8221;4&#8243; switch_line_field=&#8221;on&#8221; css=&#8221;.vc_custom_1754343571679{padding-top: 20px !important;padding-bottom: 20px !important;}&#8221;][vc_column_text]<\/p>\r\n<p style=\"text-align: center;\">\u2022\u00a0Marketplace<\/p>\r\n<p>[\/vc_column_text][g5element_heading layout_style=&#8221;style-02&#8243; title=&#8221;\u0160\u00e1voly&#8221; tag_html=&#8221;4&#8243; switch_line_field=&#8221;on&#8221; css=&#8221;.vc_custom_1754343606903{padding-top: 20px !important;padding-bottom: 20px !important;}&#8221;][vc_column_text]<\/p>\r\n<p style=\"text-align: center;\">\u2022 Potraviny Elen<\/p>\r\n<p>[\/vc_column_text][g5element_heading layout_style=&#8221;style-02&#8243; title=&#8221;\u0160\u00edd&#8221; tag_html=&#8221;4&#8243; switch_line_field=&#8221;on&#8221; css=&#8221;.vc_custom_1754343639706{padding-top: 20px !important;padding-bottom: 20px !important;}&#8221;][vc_column_text]<\/p>\r\n<p style=\"text-align: center;\">\u2022 ASTRA Potraviny<\/p>\r\n<p>[\/vc_column_text][g5element_heading layout_style=&#8221;style-02&#8243; title=&#8221;\u0160urice&#8221; tag_html=&#8221;4&#8243; switch_line_field=&#8221;on&#8221; css=&#8221;.vc_custom_1754343677178{padding-top: 20px !important;padding-bottom: 20px !important;}&#8221;][vc_column_text]<\/p>\r\n<p style=\"text-align: center;\">\u2022 Potraviny Brna<br \/>\u2022 Potraviny pri stanici<\/p>\r\n<p>[\/vc_column_text][g5element_heading layout_style=&#8221;style-02&#8243; title=&#8221;Ve\u013ek\u00e9 Dravce&#8221; tag_html=&#8221;4&#8243; switch_line_field=&#8221;on&#8221; css=&#8221;.vc_custom_1754343725948{padding-top: 20px !important;padding-bottom: 20px !important;}&#8221;][vc_column_text]<\/p>\r\n<p style=\"text-align: center;\">\u2022 FRESH Potraviny Kovil<br \/>\u2022 LAGAMA Potraviny<\/p>\r\n<p>[\/vc_column_text][g5element_heading layout_style=&#8221;style-02&#8243; title=&#8221;Ve\u013ek\u00fd Krt\u00ed\u0161&#8221; tag_html=&#8221;4&#8243; switch_line_field=&#8221;on&#8221; css=&#8221;.vc_custom_1754343764077{padding-top: 20px !important;padding-bottom: 20px !important;}&#8221;][vc_column_text]<\/p>\r\n<p style=\"text-align: center;\">\u2022 Bonus Market, Ban\u00edcka 18<\/p>\r\n<p>[\/vc_column_text][\/vc_column][\/vc_row]<\/p>","protected":false},"excerpt":{"rendered":"<p>[vc_row][vc_column][vc_column_text] Na\u0161e chutn\u00e9 v\u00fdrobky si m\u00f4\u017eete zak\u00fapi\u0165 na t\u00fdchto miestach: [\/vc_column_text][\/vc_column][\/vc_row][vc_row][vc_column][g5element_heading layout_style=&#8221;style-02&#8243; title=&#8221;Belina&#8221; tag_html=&#8221;4&#8243; switch_line_field=&#8221;on&#8221; css=&#8221;.vc_custom_1754341950561{padding-top: 20px !important;padding-bottom: 20px !important;}&#8221;][vc_column_text] \u2022\u00a0M\u00f4j Obchod &#8211; Potraviny ABC [\/vc_column_text][g5element_heading layout_style=&#8221;style-02&#8243; title=&#8221;Blhovce&#8221; tag_html=&#8221;4&#8243; switch_line_field=&#8221;on&#8221; css=&#8221;.vc_custom_1754341958038{padding-top: 20px !important;padding-bottom: 20px !important;}&#8221;][vc_column_text] \u2022 Potraviny Wapej [\/vc_column_text][g5element_heading layout_style=&#8221;style-02&#8243; title=&#8221;\u010cakanovce&#8221; tag_html=&#8221;4&#8243; switch_line_field=&#8221;on&#8221; css=&#8221;.vc_custom_1754342094892{padding-top: 20px !important;padding-bottom: 20px !important;}&#8221;][vc_column_text] \u2022 Potraviny Le\u2013Pidor [\/vc_column_text][g5element_heading layout_style=&#8221;style-02&#8243; title=&#8221;\u010camovce&#8221; tag_html=&#8221;4&#8243; [&hellip;]<\/p>\n","protected":false},"author":2,"featured_media":0,"parent":0,"menu_order":0,"comment_status":"closed","ping_status":"closed","template":"","meta":{"footnotes":""},"class_list":["post-4317","page","type-page","status-publish","hentry"],"translation":{"provider":"WPGlobus","version":"3.0.0","language":"hu","enabled_languages":["sk","hu"],"languages":{"sk":{"title":true,"content":true,"excerpt":false},"hu":{"title":false,"content":false,"excerpt":false}}},"_links":{"self":[{"href":"https:\/\/starvys.sk\/hu\/wp-json\/wp\/v2\/pages\/4317"}],"collection":[{"href":"https:\/\/starvys.sk\/hu\/wp-json\/wp\/v2\/pages"}],"about":[{"href":"https:\/\/starvys.sk\/hu\/wp-json\/wp\/v2\/types\/page"}],"author":[{"embeddable":true,"href":"https:\/\/starvys.sk\/hu\/wp-json\/wp\/v2\/users\/2"}],"replies":[{"embeddable":true,"href":"https:\/\/starvys.sk\/hu\/wp-json\/wp\/v2\/comments?post=4317"}],"version-history":[{"count":21,"href":"https:\/\/starvys.sk\/hu\/wp-json\/wp\/v2\/pages\/4317\/revisions"}],"predecessor-version":[{"id":4354,"href":"https:\/\/starvys.sk\/hu\/wp-json\/wp\/v2\/pages\/4317\/revisions\/4354"}],"wp:attachment":[{"href":"https:\/\/starvys.sk\/hu\/wp-json\/wp\/v2\/media?parent=4317"}],"curies":[{"name":"wp","href":"https:\/\/api.w.org\/{rel}","templated":true}]}}