{"id":3954,"date":"2025-03-24T14:37:56","date_gmt":"2025-03-24T13:37:56","guid":{"rendered":"https:\/\/starvys.sk\/?post_type=product&#038;p=3954"},"modified":"2025-07-28T19:04:47","modified_gmt":"2025-07-28T18:04:47","slug":"dedov-krajec-kvaskovy-chlieb-tmavy","status":"publish","type":"product","link":"https:\/\/starvys.sk\/hu\/product\/dedov-krajec-kvaskovy-chlieb-tmavy\/","title":{"rendered":"Dedov Krajec &#8211; kv\u00e1skov\u00fd tmav\u00fd"},"content":{"rendered":"","protected":false},"excerpt":{"rendered":"<div class=\"elementor-element elementor-element-85cb286 elementor-widget elementor-widget-text-editor\" data-id=\"85cb286\" data-element_type=\"widget\" data-widget_type=\"text-editor.default\">\n<div class=\"elementor-widget-container\">\n<ul>\n<li>bez pr\u00eddavny\u0301ch l\u00e1tok<\/li>\n<li>s ra\u017en\u00fdm a p\u0161eni\u010dn\u00fdm kvasom<\/li>\n<li>obsahuje celozrnn\u00fa m\u00faku, zemiaky<\/li>\n<li>zdroj vl\u00e1kniny a bielkov\u00edn<\/li>\n<li>dlhotrvaj\u00faca vl\u00e1\u010dnos\u0165<\/li>\n<\/ul>\n<div id=\"tradicny-proces-pripravy\" class=\"elementor-element elementor-element-0feb10d elementor-widget elementor-widget-heading\" data-id=\"0feb10d\" data-element_type=\"widget\" data-widget_type=\"heading.default\">\n<div class=\"elementor-widget-container\">\n<h6 class=\"elementor-heading-title elementor-size-default\">Tradi\u010dny\u0301 proces pr\u00edpravy chleba<\/h6>\n<\/div>\n<\/div>\n<div class=\"elementor-element elementor-element-f0856aa elementor-widget elementor-widget-text-editor\" data-id=\"f0856aa\" data-element_type=\"widget\" data-widget_type=\"text-editor.default\">\n<div class=\"elementor-widget-container\">\n<p>V\u0161etko dobr\u00e9 potrebuje svoj \u010das. A Dedov krajec nie je v\u00fdnimkou. Venovali sme mu to\u013eko \u010dasu, ko\u013eko je potrebn\u00e9 na spr\u00e1vne vyzretie pr\u00edrodn\u00e9ho kvasu a cesta, aby bol pri pe\u010den\u00ed v tej spr\u00e1vnej \u201esile\u201c.<\/p>\n<\/div>\n<\/div>\n<\/div>\n<\/div>\n","protected":false},"featured_media":4031,"template":"","meta":[],"product_cat":[139],"product_tag":[],"class_list":{"0":"post-3954","1":"product","2":"type-product","3":"status-publish","4":"has-post-thumbnail","6":"product_cat-chlieb","8":"first","9":"instock","10":"shipping-taxable","11":"product-type-simple"},"translation":{"provider":"WPGlobus","version":"3.0.0","language":"hu","enabled_languages":["sk","hu"],"languages":{"sk":{"title":true,"content":false,"excerpt":true},"hu":{"title":false,"content":false,"excerpt":false}}},"_links":{"self":[{"href":"https:\/\/starvys.sk\/hu\/wp-json\/wp\/v2\/product\/3954"}],"collection":[{"href":"https:\/\/starvys.sk\/hu\/wp-json\/wp\/v2\/product"}],"about":[{"href":"https:\/\/starvys.sk\/hu\/wp-json\/wp\/v2\/types\/product"}],"wp:featuredmedia":[{"embeddable":true,"href":"https:\/\/starvys.sk\/hu\/wp-json\/wp\/v2\/media\/4031"}],"wp:attachment":[{"href":"https:\/\/starvys.sk\/hu\/wp-json\/wp\/v2\/media?parent=3954"}],"wp:term":[{"taxonomy":"product_cat","embeddable":true,"href":"https:\/\/starvys.sk\/hu\/wp-json\/wp\/v2\/product_cat?post=3954"},{"taxonomy":"product_tag","embeddable":true,"href":"https:\/\/starvys.sk\/hu\/wp-json\/wp\/v2\/product_tag?post=3954"}],"curies":[{"name":"wp","href":"https:\/\/api.w.org\/{rel}","templated":true}]}}